{"id":20,"date":"2018-01-02T22:38:09","date_gmt":"2018-01-02T21:38:09","guid":{"rendered":"http:\/\/agrouni.cz\/?page_id=20"},"modified":"2022-03-01T22:16:36","modified_gmt":"2022-03-01T21:16:36","slug":"kontakt-a-mapa","status":"publish","type":"page","link":"https:\/\/agrouni.cz\/index.php\/kontakt-a-mapa\/","title":{"rendered":"Kontakt a mapa"},"content":{"rendered":"<h3>Otev\u00edrac\u00ed doba:<\/h3>\n<table style=\"height: 216px;\" width=\"221\">\n<tbody>\n<tr>\n<td style=\"width: 78.47px;\">Pond\u011bl\u00ed<\/td>\n<td style=\"width: 126.53px;\">8:00 &#8211; 17:00<\/td>\n<\/tr>\n<tr>\n<td style=\"width: 78.47px;\">\u00dater\u00fd<\/td>\n<td style=\"width: 126.53px;\">8:00 &#8211; 15:00<\/td>\n<\/tr>\n<tr>\n<td style=\"width: 78.47px;\">St\u0159eda<\/td>\n<td style=\"width: 126.53px;\">8:00 &#8211; 17:00<\/td>\n<\/tr>\n<tr>\n<td style=\"width: 78.47px;\">\u010ctvrtek<\/td>\n<td style=\"width: 126.53px;\">8:00 &#8211; 15:00<\/td>\n<\/tr>\n<tr>\n<td style=\"width: 78.47px;\">P\u00e1tek<\/td>\n<td style=\"width: 126.53px;\">8:00 &#8211; 15:00<\/td>\n<\/tr>\n<tr>\n<td style=\"width: 78.47px;\">Sobota<\/td>\n<td style=\"width: 126.53px;\">zav\u0159eno<\/td>\n<\/tr>\n<tr>\n<td style=\"width: 78.47px;\">Ned\u011ble<\/td>\n<td style=\"width: 126.53px;\">zav\u0159eno<\/td>\n<\/tr>\n<\/tbody>\n<\/table>\n<p>Dle domluvy i mimo uvedenou dobu.<\/p>\n<h3>Kontakt:<\/h3>\n<p>Podnikov\u00e1 prodejna<br \/>\nAGROUNI.CZ s.r.o.<br \/>\nNa Hrani\u010dk\u00e1ch 588\/32<br \/>\n682 01 Vy\u0161kov 1<\/p>\n<p>Tel: 517\u00a0348\u00a0227<br \/>\nMobil: 606\u00a0131\u00a0652<br \/>\nMobil: 607 508 899<\/p>\n<p>www: <a href=\"http:\/\/agrouni.cz\/\">http:\/\/agrouni.cz<\/a><br \/>\nEmail: info@agrouni.cz<\/p>\n<h3>S\u00eddlo firmy, faktura\u010dn\u00ed adresa<\/h3>\n<p>AGROUNI.CZ s.r.o.<br \/>\nLidick\u00e1 196<br \/>\n798 21 Bediho\u0161\u0165<\/p>\n<p>I\u010cO: 06684971<br \/>\nDI\u010c: CZ06684971<\/p>\n<h3>Kde n\u00e1s najdete?<\/h3>\n<h6>Pro zv\u011bt\u0161en\u00ed klikn\u011bte na mapu ..<\/h6>\n<p><a href=\"https:\/\/mapy.cz\/zakladni?x=16.9926929&amp;y=49.2798582&amp;z=16&amp;q=Na%20Hrani%C4%8Dk%C3%A1ch%20588%2F32\"><img decoding=\"async\" loading=\"lazy\" class=\"wp-image-48 alignleft\" src=\"http:\/\/agrouni.cz\/wp-content\/uploads\/kde_nas_najdete_mapa-1024x721.png\" alt=\"\" width=\"553\" height=\"397\" \/><\/a><\/p>\n<p><img decoding=\"async\" loading=\"lazy\" class=\"wp-image-47 alignleft\" src=\"http:\/\/agrouni.cz\/wp-content\/uploads\/kde_nas_najdete-1024x734.png\" alt=\"\" width=\"553\" height=\"397\" srcset=\"https:\/\/agrouni.cz\/wp-content\/uploads\/kde_nas_najdete-1024x734.png 1024w, https:\/\/agrouni.cz\/wp-content\/uploads\/kde_nas_najdete-300x215.png 300w, https:\/\/agrouni.cz\/wp-content\/uploads\/kde_nas_najdete-768x550.png 768w, https:\/\/agrouni.cz\/wp-content\/uploads\/kde_nas_najdete.png 1066w\" sizes=\"(max-width: 553px) 100vw, 553px\" \/><\/p>\n","protected":false},"excerpt":{"rendered":"<p>Otev\u00edrac\u00ed doba: Pond\u011bl\u00ed 8:00 &#8211; 17:00 \u00dater\u00fd 8:00 &#8211; 15:00 St\u0159eda 8:00 &#8211; 17:00 \u010ctvrtek 8:00 &#8211; 15:00 P\u00e1tek 8:00 &#8211; 15:00 Sobota zav\u0159eno Ned\u011ble zav\u0159eno Dle domluvy i mimo uvedenou dobu. Kontakt: Podnikov\u00e1 prodejna AGROUNI.CZ s.r.o. Na Hrani\u010dk\u00e1ch 588\/32 682 01 Vy\u0161kov 1 Tel: 517\u00a0348\u00a0227 Mobil: 606\u00a0131\u00a0652 Mobil: 607 508 899 www: http:\/\/agrouni.cz Email: [&hellip;]<\/p>\n","protected":false},"author":1,"featured_media":0,"parent":0,"menu_order":0,"comment_status":"closed","ping_status":"closed","template":"","meta":[],"_links":{"self":[{"href":"https:\/\/agrouni.cz\/index.php\/wp-json\/wp\/v2\/pages\/20"}],"collection":[{"href":"https:\/\/agrouni.cz\/index.php\/wp-json\/wp\/v2\/pages"}],"about":[{"href":"https:\/\/agrouni.cz\/index.php\/wp-json\/wp\/v2\/types\/page"}],"author":[{"embeddable":true,"href":"https:\/\/agrouni.cz\/index.php\/wp-json\/wp\/v2\/users\/1"}],"replies":[{"embeddable":true,"href":"https:\/\/agrouni.cz\/index.php\/wp-json\/wp\/v2\/comments?post=20"}],"version-history":[{"count":29,"href":"https:\/\/agrouni.cz\/index.php\/wp-json\/wp\/v2\/pages\/20\/revisions"}],"predecessor-version":[{"id":310,"href":"https:\/\/agrouni.cz\/index.php\/wp-json\/wp\/v2\/pages\/20\/revisions\/310"}],"wp:attachment":[{"href":"https:\/\/agrouni.cz\/index.php\/wp-json\/wp\/v2\/media?parent=20"}],"curies":[{"name":"wp","href":"https:\/\/api.w.org\/{rel}","templated":true}]}}