{"id":16,"date":"2018-01-02T22:37:35","date_gmt":"2018-01-02T21:37:35","guid":{"rendered":"http:\/\/agrouni.cz\/?page_id=16"},"modified":"2022-12-25T23:59:45","modified_gmt":"2022-12-25T22:59:45","slug":"cinnost-firmy","status":"publish","type":"page","link":"https:\/\/agrouni.cz\/index.php\/cinnost-firmy\/","title":{"rendered":"\u010cinnost firmy"},"content":{"rendered":"<ul>\n<li>prodej produkt\u016f zna\u010dky Vari<\/li>\n<li>prodej zahradn\u00edch a komun\u00e1ln\u00edch traktor\u016f Wisconsin<\/li>\n<li>servisn\u00ed a oprav\u00e1rensk\u00e1 \u010dinnost<\/li>\n<li>zem\u011bd\u011blsk\u00e1 technika, malotraktory<\/li>\n<li>Dakr, MF-70, AGT \u2013 mal\u00e1 mechanizace<\/li>\n<li>teplovzdu\u0161n\u00e1 kamna KL80\/RNE 250<\/li>\n<li>n\u00e1hradn\u00ed d\u00edly \u2013 traktory U\u0158 I-III<\/li>\n<li>kl\u00ednov\u00e9 \u0159emeny, gufera, lo\u017eiska, man\u017eety, hydraulick\u00e9 hadice<\/li>\n<li>pneumatiky a du\u0161e<\/li>\n<li>zprost\u0159edkov\u00e1n\u00ed prodeje star\u0161\u00ed a pou\u017eit\u00e9 techniky<\/li>\n<\/ul>\n","protected":false},"excerpt":{"rendered":"<p>prodej produkt\u016f zna\u010dky Vari prodej zahradn\u00edch a komun\u00e1ln\u00edch traktor\u016f Wisconsin servisn\u00ed a oprav\u00e1rensk\u00e1 \u010dinnost zem\u011bd\u011blsk\u00e1 technika, malotraktory Dakr, MF-70, AGT \u2013 mal\u00e1 mechanizace teplovzdu\u0161n\u00e1 kamna KL80\/RNE 250 n\u00e1hradn\u00ed d\u00edly \u2013 traktory U\u0158 I-III kl\u00ednov\u00e9 \u0159emeny, gufera, lo\u017eiska, man\u017eety, hydraulick\u00e9 hadice pneumatiky a du\u0161e zprost\u0159edkov\u00e1n\u00ed prodeje star\u0161\u00ed a pou\u017eit\u00e9 techniky<\/p>\n","protected":false},"author":1,"featured_media":0,"parent":0,"menu_order":0,"comment_status":"closed","ping_status":"closed","template":"","meta":[],"_links":{"self":[{"href":"https:\/\/agrouni.cz\/index.php\/wp-json\/wp\/v2\/pages\/16"}],"collection":[{"href":"https:\/\/agrouni.cz\/index.php\/wp-json\/wp\/v2\/pages"}],"about":[{"href":"https:\/\/agrouni.cz\/index.php\/wp-json\/wp\/v2\/types\/page"}],"author":[{"embeddable":true,"href":"https:\/\/agrouni.cz\/index.php\/wp-json\/wp\/v2\/users\/1"}],"replies":[{"embeddable":true,"href":"https:\/\/agrouni.cz\/index.php\/wp-json\/wp\/v2\/comments?post=16"}],"version-history":[{"count":7,"href":"https:\/\/agrouni.cz\/index.php\/wp-json\/wp\/v2\/pages\/16\/revisions"}],"predecessor-version":[{"id":333,"href":"https:\/\/agrouni.cz\/index.php\/wp-json\/wp\/v2\/pages\/16\/revisions\/333"}],"wp:attachment":[{"href":"https:\/\/agrouni.cz\/index.php\/wp-json\/wp\/v2\/media?parent=16"}],"curies":[{"name":"wp","href":"https:\/\/api.w.org\/{rel}","templated":true}]}}